{"id":1132,"date":"2021-04-14T17:12:46","date_gmt":"2021-04-14T17:12:46","guid":{"rendered":"https:\/\/platerostrucking.com.mx\/?page_id=1132"},"modified":"2022-01-12T19:15:26","modified_gmt":"2022-01-12T19:15:26","slug":"02_2coverage-map","status":"publish","type":"page","link":"https:\/\/english.platerostrucking.com.mx\/index.php\/02_2coverage-map\/","title":{"rendered":"Coverage map"},"content":{"rendered":"\t\t<div data-elementor-type=\"wp-page\" data-elementor-id=\"1132\" class=\"elementor elementor-1132\" data-elementor-settings=\"[]\">\n\t\t\t\t\t\t\t<div class=\"elementor-section-wrap\">\n\t\t\t\t\t\t\t<section class=\"elementor-section elementor-top-section elementor-element elementor-element-3e77bdf elementor-section-full_width elementor-section-stretched elementor-section-height-default elementor-section-height-default\" data-id=\"3e77bdf\" data-element_type=\"section\" data-settings=\"{&quot;background_background&quot;:&quot;classic&quot;,&quot;stretch_section&quot;:&quot;section-stretched&quot;}\">\n\t\t\t\t\t\t<div class=\"elementor-container elementor-column-gap-default\">\n\t\t\t\t\t<div class=\"elementor-column elementor-col-100 elementor-top-column elementor-element elementor-element-e779565\" data-id=\"e779565\" data-element_type=\"column\">\n\t\t\t<div class=\"elementor-widget-wrap elementor-element-populated\">\n\t\t\t\t\t\t\t\t<div class=\"elementor-element elementor-element-6846f96 elementor-widget elementor-widget-image\" data-id=\"6846f96\" data-element_type=\"widget\" data-widget_type=\"image.default\">\n\t\t\t\t<div class=\"elementor-widget-container\">\n\t\t\t\t\t\t\t\t\t\t\t\t\t\t\t<img decoding=\"async\" width=\"1920\" height=\"1080\" src=\"https:\/\/english.platerostrucking.com.mx\/wp-content\/uploads\/2021\/05\/Mapa-de-Cobertur.jpg\" class=\"attachment-full size-full\" alt=\"\" srcset=\"https:\/\/english.platerostrucking.com.mx\/wp-content\/uploads\/2021\/05\/Mapa-de-Cobertur.jpg 1920w, https:\/\/english.platerostrucking.com.mx\/wp-content\/uploads\/2021\/05\/Mapa-de-Cobertur-300x169.jpg 300w, https:\/\/english.platerostrucking.com.mx\/wp-content\/uploads\/2021\/05\/Mapa-de-Cobertur-1024x576.jpg 1024w, https:\/\/english.platerostrucking.com.mx\/wp-content\/uploads\/2021\/05\/Mapa-de-Cobertur-768x432.jpg 768w, https:\/\/english.platerostrucking.com.mx\/wp-content\/uploads\/2021\/05\/Mapa-de-Cobertur-1536x864.jpg 1536w\" sizes=\"(max-width: 1920px) 100vw, 1920px\" \/>\t\t\t\t\t\t\t\t\t\t\t\t\t\t\t<\/div>\n\t\t\t\t<\/div>\n\t\t\t\t\t<\/div>\n\t\t<\/div>\n\t\t\t\t\t\t\t<\/div>\n\t\t<\/section>\n\t\t\t\t<section class=\"elementor-section elementor-top-section elementor-element elementor-element-49659e9 elementor-section-full_width elementor-section-height-default elementor-section-height-default\" data-id=\"49659e9\" data-element_type=\"section\" data-settings=\"{&quot;background_background&quot;:&quot;classic&quot;}\">\n\t\t\t\t\t\t<div class=\"elementor-container elementor-column-gap-default\">\n\t\t\t\t\t<div class=\"elementor-column elementor-col-33 elementor-top-column elementor-element elementor-element-ec6fb39\" data-id=\"ec6fb39\" data-element_type=\"column\">\n\t\t\t<div class=\"elementor-widget-wrap elementor-element-populated\">\n\t\t\t\t\t\t\t\t<div class=\"elementor-element elementor-element-da1cccd elementor-widget elementor-widget-spacer\" data-id=\"da1cccd\" data-element_type=\"widget\" data-widget_type=\"spacer.default\">\n\t\t\t\t<div class=\"elementor-widget-container\">\n\t\t\t\t\t<div class=\"elementor-spacer\">\n\t\t\t<div class=\"elementor-spacer-inner\"><\/div>\n\t\t<\/div>\n\t\t\t\t<\/div>\n\t\t\t\t<\/div>\n\t\t\t\t<div class=\"elementor-element elementor-element-f4687d8 elementor-widget elementor-widget-heading\" data-id=\"f4687d8\" data-element_type=\"widget\" data-widget_type=\"heading.default\">\n\t\t\t\t<div class=\"elementor-widget-container\">\n\t\t\t<h1 class=\"elementor-heading-title elementor-size-default\">Phones<\/h1>\t\t<\/div>\n\t\t\t\t<\/div>\n\t\t\t\t<div class=\"elementor-element elementor-element-6c588a8 elementor-widget elementor-widget-text-editor\" data-id=\"6c588a8\" data-element_type=\"widget\" data-widget_type=\"text-editor.default\">\n\t\t\t\t<div class=\"elementor-widget-container\">\n\t\t\t\t\t\t\t<p style=\"text-align: center;\">Sales:<\/p><p style=\"text-align: center;\">+52 (477) 392 3583<\/p><div class=\"bx-messenger-body\"><div class=\"bx-messenger-body-bg\"><div class=\"bx-messenger-body-wrap\"><div class=\"bx-messenger-content-item bx-messenger-content-item-id-1124009 bx-messenger-content-item-2 \" style=\"text-align: center;\" data-type=\"other\" data-senderid=\"22\" data-messagedate=\"Thu Jul 15 2021 17:20:27 GMT-0500 (hora de verano central)\" data-messageid=\"1124009\" data-blockmessageid=\"1124009\"><span class=\"bx-messenger-content-item-content\"><span class=\"bx-messenger-content-item-text-center\"><span class=\"bx-messenger-content-item-text-message\"><span class=\"bx-messenger-content-item-text-wrap \"><span id=\"im-message-1124009\" class=\"bx-messenger-message\">Human Resources:<\/span><\/span><\/span><\/span><\/span><\/div><\/div><\/div><\/div><div class=\"bx-messenger-textarea-place\">\u00a0<\/div><p style=\"text-align: center;\">+52 (477) 676 9127<\/p><p style=\"text-align: center;\">\u00a0<\/p>\t\t\t\t\t\t<\/div>\n\t\t\t\t<\/div>\n\t\t\t\t\t<\/div>\n\t\t<\/div>\n\t\t\t\t<div class=\"elementor-column elementor-col-33 elementor-top-column elementor-element elementor-element-addc6d3\" data-id=\"addc6d3\" data-element_type=\"column\">\n\t\t\t<div class=\"elementor-widget-wrap elementor-element-populated\">\n\t\t\t\t\t\t\t\t<div class=\"elementor-element elementor-element-dc949b2 elementor-widget elementor-widget-spacer\" data-id=\"dc949b2\" data-element_type=\"widget\" data-widget_type=\"spacer.default\">\n\t\t\t\t<div class=\"elementor-widget-container\">\n\t\t\t\t\t<div class=\"elementor-spacer\">\n\t\t\t<div class=\"elementor-spacer-inner\"><\/div>\n\t\t<\/div>\n\t\t\t\t<\/div>\n\t\t\t\t<\/div>\n\t\t\t\t<div class=\"elementor-element elementor-element-dc260f5 elementor-widget elementor-widget-heading\" data-id=\"dc260f5\" data-element_type=\"widget\" data-widget_type=\"heading.default\">\n\t\t\t\t<div class=\"elementor-widget-container\">\n\t\t\t<h1 class=\"elementor-heading-title elementor-size-default\">Correo<\/h1>\t\t<\/div>\n\t\t\t\t<\/div>\n\t\t\t\t<div class=\"elementor-element elementor-element-0d4e761 elementor-widget elementor-widget-text-editor\" data-id=\"0d4e761\" data-element_type=\"widget\" data-widget_type=\"text-editor.default\">\n\t\t\t\t<div class=\"elementor-widget-container\">\n\t\t\t\t\t\t\t<p style=\"text-align: center;\">jimmy@platerostrucking.com.mx<\/p>\t\t\t\t\t\t<\/div>\n\t\t\t\t<\/div>\n\t\t\t\t\t<\/div>\n\t\t<\/div>\n\t\t\t\t<div class=\"elementor-column elementor-col-33 elementor-top-column elementor-element elementor-element-6a84c17\" data-id=\"6a84c17\" data-element_type=\"column\">\n\t\t\t<div class=\"elementor-widget-wrap elementor-element-populated\">\n\t\t\t\t\t\t\t\t<div class=\"elementor-element elementor-element-062f8ac elementor-widget elementor-widget-spacer\" data-id=\"062f8ac\" data-element_type=\"widget\" data-widget_type=\"spacer.default\">\n\t\t\t\t<div class=\"elementor-widget-container\">\n\t\t\t\t\t<div class=\"elementor-spacer\">\n\t\t\t<div class=\"elementor-spacer-inner\"><\/div>\n\t\t<\/div>\n\t\t\t\t<\/div>\n\t\t\t\t<\/div>\n\t\t\t\t<div class=\"elementor-element elementor-element-5c86aa6 elementor-widget elementor-widget-heading\" data-id=\"5c86aa6\" data-element_type=\"widget\" data-widget_type=\"heading.default\">\n\t\t\t\t<div class=\"elementor-widget-container\">\n\t\t\t<h1 class=\"elementor-heading-title elementor-size-default\">Sucursales<\/h1>\t\t<\/div>\n\t\t\t\t<\/div>\n\t\t\t\t<div class=\"elementor-element elementor-element-e250f97 elementor-widget elementor-widget-text-editor\" data-id=\"e250f97\" data-element_type=\"widget\" data-widget_type=\"text-editor.default\">\n\t\t\t\t<div class=\"elementor-widget-container\">\n\t\t\t\t\t\t\t<p style=\"text-align: center;\">Laredo, Texas.<\/p><p style=\"text-align: center;\">Nuevo Laredo, Tamaulipas.<\/p><p style=\"text-align: center;\">Quer\u00e9taro, Quer\u00e9taro.<\/p><p style=\"text-align: center;\">Le\u00f3n, Gto.<\/p>\t\t\t\t\t\t<\/div>\n\t\t\t\t<\/div>\n\t\t\t\t\t<\/div>\n\t\t<\/div>\n\t\t\t\t\t\t\t<\/div>\n\t\t<\/section>\n\t\t\t\t<section class=\"elementor-section elementor-top-section elementor-element elementor-element-3513d84 elementor-section-full_width elementor-section-height-default elementor-section-height-default\" data-id=\"3513d84\" data-element_type=\"section\" data-settings=\"{&quot;background_background&quot;:&quot;classic&quot;}\">\n\t\t\t\t\t\t<div class=\"elementor-container elementor-column-gap-default\">\n\t\t\t\t\t<div class=\"elementor-column elementor-col-50 elementor-top-column elementor-element elementor-element-a303f8a\" data-id=\"a303f8a\" data-element_type=\"column\">\n\t\t\t<div class=\"elementor-widget-wrap elementor-element-populated\">\n\t\t\t\t\t\t\t\t<div class=\"elementor-element elementor-element-ad2b567 elementor-widget elementor-widget-heading\" data-id=\"ad2b567\" data-element_type=\"widget\" data-widget_type=\"heading.default\">\n\t\t\t\t<div class=\"elementor-widget-container\">\n\t\t\t<h1 class=\"elementor-heading-title elementor-size-default\"><a href=\"https:\/\/english.platerostrucking.com.mx\/index.php\/privacy-policy-2\/\">Privacy Policy<\/a><\/h1>\t\t<\/div>\n\t\t\t\t<\/div>\n\t\t\t\t\t<\/div>\n\t\t<\/div>\n\t\t\t\t<div class=\"elementor-column elementor-col-50 elementor-top-column elementor-element elementor-element-b40b157\" data-id=\"b40b157\" data-element_type=\"column\">\n\t\t\t<div class=\"elementor-widget-wrap\">\n\t\t\t\t\t\t\t\t\t<\/div>\n\t\t<\/div>\n\t\t\t\t\t\t\t<\/div>\n\t\t<\/section>\n\t\t\t\t\t\t<\/div>\n\t\t\t\t\t<\/div>\n\t\t","protected":false},"excerpt":{"rendered":"<p>Phones Sales: +52 (477) 392 3583 Human Resources:\u00a0 +52 (477) 676 9127 \u00a0 Correo jimmy@platerostrucking.com.mx Sucursales Laredo, Texas. Nuevo Laredo, Tamaulipas. Quer\u00e9taro, Quer\u00e9taro. Le\u00f3n, Gto. Privacy Policy<\/p>\n","protected":false},"author":1,"featured_media":0,"parent":0,"menu_order":0,"comment_status":"closed","ping_status":"closed","template":"elementor_header_footer","meta":{"footnotes":""},"class_list":["post-1132","page","type-page","status-publish","hentry","entry"],"_links":{"self":[{"href":"https:\/\/english.platerostrucking.com.mx\/index.php\/wp-json\/wp\/v2\/pages\/1132","targetHints":{"allow":["GET"]}}],"collection":[{"href":"https:\/\/english.platerostrucking.com.mx\/index.php\/wp-json\/wp\/v2\/pages"}],"about":[{"href":"https:\/\/english.platerostrucking.com.mx\/index.php\/wp-json\/wp\/v2\/types\/page"}],"author":[{"embeddable":true,"href":"https:\/\/english.platerostrucking.com.mx\/index.php\/wp-json\/wp\/v2\/users\/1"}],"replies":[{"embeddable":true,"href":"https:\/\/english.platerostrucking.com.mx\/index.php\/wp-json\/wp\/v2\/comments?post=1132"}],"version-history":[{"count":23,"href":"https:\/\/english.platerostrucking.com.mx\/index.php\/wp-json\/wp\/v2\/pages\/1132\/revisions"}],"predecessor-version":[{"id":2720,"href":"https:\/\/english.platerostrucking.com.mx\/index.php\/wp-json\/wp\/v2\/pages\/1132\/revisions\/2720"}],"wp:attachment":[{"href":"https:\/\/english.platerostrucking.com.mx\/index.php\/wp-json\/wp\/v2\/media?parent=1132"}],"curies":[{"name":"wp","href":"https:\/\/api.w.org\/{rel}","templated":true}]}}